{"id":12,"date":"2024-10-16T09:01:00","date_gmt":"2024-10-16T09:01:00","guid":{"rendered":"https:\/\/dentasana-zukunft.com\/index.php\/startseite\/"},"modified":"2024-11-20T13:17:13","modified_gmt":"2024-11-20T13:17:13","slug":"startseite","status":"publish","type":"page","link":"https:\/\/dentasana-zukunft.com\/","title":{"rendered":"Startseite"},"content":{"rendered":"<section class=\"l-section wpb_row height_medium with_shape\"><div class=\"l-section-shape type_wave pos_bottom\" style=\"height:15vmin;color:var(--color-content-link)\"><svg xmlns=\"http:\/\/www.w3.org\/2000\/svg\" viewBox=\"0 4 64 4\" preserveAspectRatio=\"none\" width=\"100%\" height=\"100%\">\r\n\t<path fill=\"currentColor\" d=\"M64 6 C32 0 32 12 0 6 L0 8 L64 8 Z\"\/>\r\n<\/svg><\/div><div class=\"l-section-h i-cf\"><div class=\"g-cols vc_row via_grid cols_1 laptops-cols_inherit tablets-cols_inherit mobiles-cols_1 valign_top type_default stacking_default\"><div class=\"wpb_column vc_column_container\"><div class=\"vc_column-inner\"><div class=\"w-hwrapper valign_middle align_center\" style=\"--hwrapper-gap:0.5rem\"><\/div><div class=\"wpb_text_column\"><div class=\"wpb_wrapper\"><h5 style=\"text-align: center;\">Nach \u00fcber 50 Jahren beruflicher T\u00e4tigkeit und jahrzehntelanger Erfahrung in<\/h5>\n<\/div><\/div><div class=\"w-separator size_small\"><\/div><h2 class=\"w-itext us_custom_33a93076 type_fadeIn align_center dynamic_bold\" onclick='return {&quot;duration&quot;:300,&quot;delay&quot;:5000,&quot;disablePartAnimation&quot;:false,&quot;dynamicColor&quot;:&quot;var(--color-content-link)&quot;,&quot;html_nbsp_char&quot;:true}'>Ganzheitlicher\u00a0Zahnmedizin<\/h2><div class=\"w-separator size_small\"><\/div><div class=\"wpb_text_column\"><div class=\"wpb_wrapper\"><h5 style=\"text-align: center;\">habe ich meine Praxist\u00e4tigkeit beendet und einen<br \/><strong>Beratungsservice mit Coaching f\u00fcr Ganzheitliche Zahnmedizin <\/strong>eingerichtet, welche alle Belange der Ganzheitlichen Zahnmedizin einschlie\u00dft.<\/h5>\n<h5 style=\"text-align: center;\">Die Ganzheitliche Zahnmedizin hat ein enormes Zukunftspotential und k\u00f6nnte &#8211; wegweisend f\u00fcr die etablierte Zahnmedizin \u2013 ein patientenfreundliches und kostenreduzierendes Konzept bieten.<\/h5>\n<\/div><\/div><div class=\"w-separator size_small\"><\/div><div class=\"w-hwrapper valign_top stack_on_mobiles align_center\"><\/div><div class=\"w-separator size_medium\"><\/div><\/div><\/div><\/div><\/div><\/section><section class=\"l-section wpb_row us_custom_c70c97eb height_medium\"><div class=\"l-section-h i-cf\"><div class=\"g-cols vc_row via_grid cols_2 laptops-cols_inherit tablets-cols_inherit mobiles-cols_1 valign_top type_default stacking_default\"><div class=\"wpb_column vc_column_container\"><div class=\"vc_column-inner\"><div class=\"wpb_text_column us_custom_38e07046\"><div class=\"wpb_wrapper\"><h6 style=\"text-align: left;\">Wenn Sie mehr \u00fcber mein Konzept der ganzheitlichen Zahnmedizin erfahren m\u00f6chten, k\u00f6nnen sich sich zur ehemaligen Homepage verbinden. Diese Vorinformation ist m\u00f6glicherweise wichtig falls Sie eine Frage per Telefon oder Mail an mich richten m\u00f6chten.<\/h6>\n<\/div><\/div><div class=\"w-separator size_small\"><\/div><div class=\"w-btn-wrapper align_none\"><a class=\"w-btn us-btn-style_1 us_custom_a5c88937\" target=\"_blank\" href=\"https:\/\/dentasana.dentasana-zukunft.com\"><span class=\"w-btn-label\">Klicken Sie hier<\/span><\/a><\/div><\/div><\/div><div class=\"wpb_column vc_column_container\"><div class=\"vc_column-inner\"><div class=\"wpb_text_column us_custom_38e07046\"><div class=\"wpb_wrapper\"><h6 style=\"text-align: left;\">Wenn Sie fachlichen Rat als Arzt, Zahnarzt, Naturheilarzt, Komplement\u00e4rmedizinische\/r Therapeut\/in oder in einem anderen medizinischen Bereich ben\u00f6tigen, stehe ich Ihnen gerne beratend zur Seite, um Ihre Fragen umfassend zu kl\u00e4ren und zu unterst\u00fctzen.<\/h6>\n<\/div><\/div><div class=\"w-separator size_small\"><\/div><div class=\"w-popup us_custom_a5c88937 w-btn-wrapper align_none\"><button aria-label=\"Klicken Sie hier\" class=\"w-popup-trigger type_btn w-btn us-btn-style_1\" style=\"font-size:20px\"><span class=\"w-btn-label\">Klicken Sie hier<\/span><\/button><div class=\"w-popup-overlay\" style=\"background:rgba(0,0,0,0.65);\"><\/div><div class=\"w-popup-wrap layout_default\" style=\"--title-color:var(--color-content-heading);--title-bg-color:var(--color-content-bg-alt);--content-color:var(--color-content-text);--content-bg-color:var(--color-content-bg);--popup-width:600px;--popup-padding:5%;\"><div class=\"w-popup-box animation_fadeIn closerpos_outside with_title\"><div class=\"w-popup-box-h\"><div class=\"w-popup-box-title\">Beratung von Kollegen und fachlicher Austausch mit Arzt, Zahnarzt, Naturheilarzt, Komplement\u00e4rmedizinische\/r Therapeut\/in etc.<\/div><div class=\"w-popup-box-content\"><p>Gerne bin ich bereit, \u00fcber meine fachlichen Erfahrungen zu berichten und die gesundheitlichen Begr\u00fcndungen zu er\u00f6rtern.<\/p>\n<p>Rufen Sie mich bitte an (+49 7751 1000). <\/p>\n<p>Von Dienstag bis Donnerstag stehe ich zwischen 9.00 Uhr und 12.00 Uhr zur Verf\u00fcgung.<\/p>\n<\/div><\/div><\/div><div class=\"w-popup-closer\"><\/div><\/div><\/div><\/div><\/div><\/div><\/div><\/section><section class=\"l-section wpb_row us_custom_c70c97eb height_medium\"><div class=\"l-section-h i-cf\"><div class=\"g-cols vc_row via_grid cols_2 laptops-cols_inherit tablets-cols_inherit mobiles-cols_1 valign_top type_default stacking_default\"><div class=\"wpb_column vc_column_container\"><div class=\"vc_column-inner\"><div class=\"wpb_text_column us_custom_38e07046\"><div class=\"wpb_wrapper\"><h6 style=\"text-align: left;\">Wenn Sie ein Problem an den Z\u00e4hnen haben oder\/und zahn\u00e4rztliche Ma\u00dfnahmen anstehen, Sie aber verunsichert sind und n\u00e4here Details oder eine Zweitmeinung w\u00fcnschen, biete ich Ihnen gerne Hilfe und Rat, um Ihre Unsicherheiten zu kl\u00e4ren und die beste Behandlung zu besprechen.<\/h6>\n<\/div><\/div><div class=\"w-separator size_small\"><\/div><div class=\"w-btn-wrapper align_none\"><a class=\"w-btn us-btn-style_1 us_custom_a5c88937\" href=\"https:\/\/dentasana-zukunft.com\/index.php\/beratung-coaching\/\"><span class=\"w-btn-label\">Klicken Sie hier<\/span><\/a><\/div><\/div><\/div><div class=\"wpb_column vc_column_container\"><div class=\"vc_column-inner\"><div class=\"wpb_text_column us_custom_38e07046\"><div class=\"wpb_wrapper\"><h6 style=\"text-align: left;\">Zu den Vortr\u00e4gen und Terminen informiere ich Sie gerne pers\u00f6nlich oder \u00fcber unsere Website. Dort finden Sie aktuelle Daten und Themen rund um zahn\u00e4rztliche Behandlungen sowie ganzheitliche Gesundheitsans\u00e4tze.<\/h6>\n<\/div><\/div><div class=\"w-separator size_small\"><\/div><div class=\"w-btn-wrapper align_none\"><a class=\"w-btn us-btn-style_1 us_custom_a5c88937\" href=\"https:\/\/dentasana-zukunft.com\/index.php\/vortraege-termine\/\"><span class=\"w-btn-label\">Klicken Sie hier<\/span><\/a><\/div><\/div><\/div><\/div><\/div><\/section><section class=\"l-section wpb_row us_custom_77e102a2 height_medium\" id=\"kontakt\"><div class=\"l-section-h i-cf\"><div class=\"g-cols vc_row via_grid cols_1 laptops-cols_inherit tablets-cols_inherit mobiles-cols_1 valign_top type_default stacking_default\"><div class=\"wpb_column vc_column_container\"><div class=\"vc_column-inner\"><div class=\"wpb_text_column\"><div class=\"wpb_wrapper\"><h2 style=\"text-align: center;\">Kontaktaufnahme<\/h2>\n<p style=\"text-align: center;\">Nehmen Sie gerne mit mir telefonisch, per Mail oder Kontaktformular Kontakt auf.<\/p>\n<\/div><\/div><div class=\"w-separator size_large\"><\/div><div class=\"g-cols wpb_row via_grid cols_2 laptops-cols_inherit tablets-cols_inherit mobiles-cols_1 valign_top type_default stacking_default\" style=\"--gap:3rem;\"><div class=\"wpb_column vc_column_container\"><div class=\"vc_column-inner\"><div class=\"w-iconbox us_custom_56d2bbeb has_text_color iconpos_left style_default color_primary align_left no_text\"><a href=\"tel:+077511000\" class=\"w-iconbox-link\" aria-label=\"+49 (0)7751 1000\"><div class=\"w-iconbox-icon\" style=\"font-size:2rem;\"><i class=\"material-icons\">phone<\/i><\/div><\/a><div class=\"w-iconbox-meta\"><a href=\"tel:+077511000\" class=\"w-iconbox-link\" aria-label=\"+49 (0)7751 1000\"><span class=\"w-iconbox-title\">+49 (0)7751 1000<\/span><\/a><\/div><\/div><div class=\"w-separator size_medium\"><\/div><div class=\"w-iconbox us_custom_56d2bbeb has_text_color iconpos_left style_default color_primary align_left no_text\"><a href=\"mailto:info@example.com\" class=\"w-iconbox-link\" aria-label=\"info@dentasana-zukunft.com\"><div class=\"w-iconbox-icon\" style=\"font-size:2rem;\"><i class=\"material-icons\">mail<\/i><\/div><\/a><div class=\"w-iconbox-meta\"><a href=\"mailto:info@example.com\" class=\"w-iconbox-link\" aria-label=\"info@dentasana-zukunft.com\"><span class=\"w-iconbox-title\">info@dentasana-zukunft.com<\/span><\/a><\/div><\/div><div class=\"w-separator size_medium\"><\/div><div class=\"w-iconbox us_custom_6b6d37bd has_text_color iconpos_left style_default color_primary align_left no_text\"><div class=\"w-iconbox-icon\" style=\"font-size:2rem;\"><i class=\"material-icons\">location_on<\/i><\/div><div class=\"w-iconbox-meta\"><span class=\"w-iconbox-title\">Eschbacher Stra\u00dfe 49<br \/>79761 Waldshut-Tiengen<br \/>Deutschland<\/span><\/div><\/div><\/div><\/div><div class=\"wpb_column vc_column_container\"><div class=\"vc_column-inner\"><form class=\"w-form  layout_ver for_cform us_form_1\" autocomplete=\"off\" action=\"https:\/\/dentasana-zukunft.com\/index.php\/wp-json\/wp\/v2\/pages\/12\" method=\"post\"><div class=\"w-form-h\"><div class=\"w-form-row for_text required with_icon cols_2\">\r\n\t\t<div class=\"w-form-row-field\">\r\n\t\t\t\t<i class=\"material-icons\">mail<\/i>\t\t<input aria-label=\"Ihre Emailadresse\" type=\"text\" name=\"us_form_1_text_1\" value placeholder=\"Ihre Emailadresse *\" data-required=\"true\" aria-required=\"true\"\/>\r\n\t\t\t<\/div>\r\n\t\t<div class=\"w-form-row-state\">Bitte f\u00fcllen Sie dieses Feld aus.<\/div>\r\n<\/div>\r\n<div class=\"w-form-row for_text required with_icon cols_2\">\r\n\t\t<div class=\"w-form-row-field\">\r\n\t\t\t\t<i class=\"material-icons\">phone<\/i>\t\t<input aria-label=\"Ihre Telefonnummer\" inputmode=\"tel\" type=\"text\" name=\"us_form_1_text_2\" value placeholder=\"Ihre Telefonnummer *\" data-required=\"true\" aria-required=\"true\"\/>\r\n\t\t\t<\/div>\r\n\t\t<div class=\"w-form-row-state\">Bitte f\u00fcllen Sie dieses Feld aus.<\/div>\r\n<\/div>\r\n<div class=\"w-form-row for_textarea required with_icon\">\r\n\t\t<div class=\"w-form-row-field\">\r\n\t\t\t\t<i class=\"material-icons\">edit<\/i>\t\t<textarea aria-label=\"Ihre Nachricht an uns\" name=\"us_form_1_textarea_1\" placeholder=\"Ihre Nachricht an uns *\" data-required=\"true\" aria-required=\"true\"><\/textarea>\r\n\t\t\t<\/div>\r\n\t\t<div class=\"w-form-row-state\">Bitte f\u00fcllen Sie dieses Feld aus.<\/div>\r\n<\/div>\r\n<input type=\"hidden\" name=\"action\" value=\"us_ajax_cform\" \/>\r\n<input type=\"hidden\" name=\"post_id\" value=\"0\" \/>\r\n<input type=\"hidden\" name=\"form_index\" value=\"1\" \/>\r\n<div class=\"w-form-row for_submit align_none\">\r\n\t<button class=\"w-btn  us-btn-style_1\" aria-label=\"Nachricht absenden\" type=\"submit\">\r\n\t\t<span class=\"g-preloader type_1\"><\/span>\r\n\t\t\t\t<span class=\"w-btn-label\">Nachricht absenden<\/span>\r\n\t\t\t<\/button>\r\n\t<\/div>\r\n<\/div><div class=\"w-form-message\"><\/div><div class=\"w-form-json hidden\" onclick='return {&quot;ajaxurl&quot;:&quot;https:\\\/\\\/dentasana-zukunft.com\\\/wp-admin\\\/admin-ajax.php&quot;,&quot;messages&quot;:{&quot;err_empty&quot;:&quot;Bitte f\\u00fcllen Sie dieses Feld aus.&quot;,&quot;err_size&quot;:&quot;Die Dateigr\\u00f6\\u00dfe darf %s MB nicht \\u00fcberschreiten&quot;,&quot;err_extension&quot;:&quot;Dateityp %s ist nicht zul\\u00e4ssig&quot;}}'><\/div><\/form><\/div><\/div><\/div><div class=\"w-separator size_medium\"><\/div><\/div><\/div><\/div><\/div><\/section>\n","protected":false},"excerpt":{"rendered":"Nach \u00fcber 50 Jahren beruflicher T\u00e4tigkeit und jahrzehntelanger Erfahrung in Ganzheitlicher\u00a0Zahnmedizinhabe ich meine Praxist\u00e4tigkeit beendet und einenBeratungsservice mit Coaching f\u00fcr Ganzheitliche Zahnmedizin eingerichtet, welche alle Belange der Ganzheitlichen Zahnmedizin einschlie\u00dft. Die Ganzheitliche Zahnmedizin hat ein enormes Zukunftspotential und k\u00f6nnte &#8211; wegweisend f\u00fcr die etablierte Zahnmedizin \u2013 ein patientenfreundliches und kostenreduzierendes Konzept bieten. Wenn Sie mehr...","protected":false},"author":1,"featured_media":0,"parent":0,"menu_order":0,"comment_status":"closed","ping_status":"closed","template":"","meta":{"_acf_changed":false,"footnotes":""},"class_list":["post-12","page","type-page","status-publish","hentry"],"acf":[],"_links":{"self":[{"href":"https:\/\/dentasana-zukunft.com\/index.php\/wp-json\/wp\/v2\/pages\/12","targetHints":{"allow":["GET"]}}],"collection":[{"href":"https:\/\/dentasana-zukunft.com\/index.php\/wp-json\/wp\/v2\/pages"}],"about":[{"href":"https:\/\/dentasana-zukunft.com\/index.php\/wp-json\/wp\/v2\/types\/page"}],"author":[{"embeddable":true,"href":"https:\/\/dentasana-zukunft.com\/index.php\/wp-json\/wp\/v2\/users\/1"}],"replies":[{"embeddable":true,"href":"https:\/\/dentasana-zukunft.com\/index.php\/wp-json\/wp\/v2\/comments?post=12"}],"version-history":[{"count":36,"href":"https:\/\/dentasana-zukunft.com\/index.php\/wp-json\/wp\/v2\/pages\/12\/revisions"}],"predecessor-version":[{"id":92,"href":"https:\/\/dentasana-zukunft.com\/index.php\/wp-json\/wp\/v2\/pages\/12\/revisions\/92"}],"wp:attachment":[{"href":"https:\/\/dentasana-zukunft.com\/index.php\/wp-json\/wp\/v2\/media?parent=12"}],"curies":[{"name":"wp","href":"https:\/\/api.w.org\/{rel}","templated":true}]}}