{"id":42,"date":"2024-10-17T09:53:01","date_gmt":"2024-10-17T09:53:01","guid":{"rendered":"https:\/\/dentasana-zukunft.com\/?page_id=42"},"modified":"2024-10-17T10:39:16","modified_gmt":"2024-10-17T10:39:16","slug":"vortraege-termine","status":"publish","type":"page","link":"https:\/\/dentasana-zukunft.com\/index.php\/vortraege-termine\/","title":{"rendered":"Vortr\u00e4ge &#038; Termine"},"content":{"rendered":"<section class=\"l-section wpb_row height_medium\"><div class=\"l-section-h i-cf\"><div class=\"g-cols vc_row via_grid cols_1 laptops-cols_inherit tablets-cols_inherit mobiles-cols_1 valign_top type_default stacking_default\"><div class=\"wpb_column vc_column_container\"><div class=\"vc_column-inner\"><h4 class=\"w-text\"><span class=\"w-text-h\"><span class=\"w-text-value\">Ab Herbst 2024 sind Vortr\u00e4ge geplant.<\/span><\/span><\/h4><div class=\"wpb_text_column\"><div class=\"wpb_wrapper\"><p>Derzeit finden wegen zu geringer Nachfrage noch keine Vortr\u00e4ge statt.<\/p>\n<p>Die Bedingungen zum Abhalten von Vortr\u00e4gen lauten:<\/p>\n<p>Sie sollten diesbez\u00fcglich aktiv werden und einen Zuh\u00f6rerkreis mit Diskussion entwickeln. M\u00f6gliche Zuh\u00f6rerkreise w\u00e4ren: \u00c4rzte, Zahn\u00e4rzte, Therapeuten, ein interessierter Personenkreis etc. Ich bin gerne bereit, bei einem Zuh\u00f6rerkreis von mehr als 15 Personen in der Schweiz und S\u00fcddeutschland zu sprechen und zum Inhalt zu diskutieren.<\/p>\n<\/div><\/div><\/div><\/div><\/div><\/div><\/section><section class=\"l-section wpb_row us_custom_e5eef0a3 height_medium width_custom color_footer-bottom with_shape\" style=\"--site-content-width:1000px;\"><div class=\"l-section-shape type_custom pos_top\" style=\"height:50%;\"><svg xmlns=\"http:\/\/www.w3.org\/2000\/svg\" viewBox=\"0 0 64 8\" preserveAspectRatio=\"none\" width=\"100%\" height=\"100%\">\r\n\t<path fill=\"currentColor\" d=\"M64 8 L0 8 L0 0 L64 0 Z\"\/>\r\n<\/svg><\/div><div class=\"l-section-h i-cf\"><div class=\"g-cols vc_row via_grid cols_1 laptops-cols_inherit tablets-cols_inherit mobiles-cols_1 valign_top type_default stacking_default\"><div class=\"wpb_column vc_column_container us_custom_9cf479d2\"><div class=\"vc_column-inner\"><div class=\"g-cols wpb_row us_custom_9036209b has_text_color via_grid cols_1 laptops-cols_inherit tablets-cols_3-2 mobiles-cols_1 valign_middle type_default stacking_default\" style=\"--gap:2rem;\"><div class=\"wpb_column vc_column_container\"><div class=\"vc_column-inner\"><div class=\"w-text us_custom_f379e5e9\"><span class=\"w-text-h\"><span class=\"w-text-value\">Derzeitige Themen sind:<\/span><\/span><\/div><div class=\"w-separator size_medium\"><\/div><div class=\"wpb_text_column\"><div class=\"wpb_wrapper\"><ul>\n<li>\n<h6>Pr\u00e4vention \u2013 Basis f\u00fcr eine gesunde Familie<\/h6>\n<\/li>\n<li>\n<h6>Karies \u2013 das \u00dcbel an der Wurzel packen<\/h6>\n<\/li>\n<li>\n<h6>Wurzelbehandlung \u2013 wie entsch\u00e4rft man diese Zeitbombe<\/h6>\n<\/li>\n<li>\n<h6>Wann ist ein Zirkon-Implantat notwendig?<\/h6>\n<\/li>\n<\/ul>\n<\/div><\/div><\/div><\/div><\/div><\/div><\/div><\/div><\/div><\/section><section class=\"l-section wpb_row height_medium\"><div class=\"l-section-h i-cf\"><div class=\"g-cols vc_row via_grid cols_1 laptops-cols_inherit tablets-cols_inherit mobiles-cols_1 valign_top type_default stacking_default\"><div class=\"wpb_column vc_column_container\"><div class=\"vc_column-inner\"><div class=\"wpb_text_column us_custom_f9dc0060\"><div class=\"wpb_wrapper\"><p>Andere Themen sind sp\u00e4ter m\u00f6glich. Ich freue mich \u00fcber Ihre Anregungen.<\/p>\n<p>Bitte teilen Sie mir Ihre E-Mail-Adresse mit, damit ich Sie \u00fcber einen Vortrag im Vorfeld informieren kann.<\/p>\n<\/div><\/div><\/div><\/div><\/div><\/div><\/section>\n","protected":false},"excerpt":{"rendered":"Ab Herbst 2024 sind Vortr\u00e4ge geplant.Derzeit finden wegen zu geringer Nachfrage noch keine Vortr\u00e4ge statt. Die Bedingungen zum Abhalten von Vortr\u00e4gen lauten: Sie sollten diesbez\u00fcglich aktiv werden und einen Zuh\u00f6rerkreis mit Diskussion entwickeln. M\u00f6gliche Zuh\u00f6rerkreise w\u00e4ren: \u00c4rzte, Zahn\u00e4rzte, Therapeuten, ein interessierter Personenkreis etc. Ich bin gerne bereit, bei einem Zuh\u00f6rerkreis von mehr als 15 Personen...","protected":false},"author":1,"featured_media":0,"parent":0,"menu_order":0,"comment_status":"closed","ping_status":"closed","template":"","meta":{"_acf_changed":false,"footnotes":""},"class_list":["post-42","page","type-page","status-publish","hentry"],"acf":[],"_links":{"self":[{"href":"https:\/\/dentasana-zukunft.com\/index.php\/wp-json\/wp\/v2\/pages\/42","targetHints":{"allow":["GET"]}}],"collection":[{"href":"https:\/\/dentasana-zukunft.com\/index.php\/wp-json\/wp\/v2\/pages"}],"about":[{"href":"https:\/\/dentasana-zukunft.com\/index.php\/wp-json\/wp\/v2\/types\/page"}],"author":[{"embeddable":true,"href":"https:\/\/dentasana-zukunft.com\/index.php\/wp-json\/wp\/v2\/users\/1"}],"replies":[{"embeddable":true,"href":"https:\/\/dentasana-zukunft.com\/index.php\/wp-json\/wp\/v2\/comments?post=42"}],"version-history":[{"count":3,"href":"https:\/\/dentasana-zukunft.com\/index.php\/wp-json\/wp\/v2\/pages\/42\/revisions"}],"predecessor-version":[{"id":77,"href":"https:\/\/dentasana-zukunft.com\/index.php\/wp-json\/wp\/v2\/pages\/42\/revisions\/77"}],"wp:attachment":[{"href":"https:\/\/dentasana-zukunft.com\/index.php\/wp-json\/wp\/v2\/media?parent=42"}],"curies":[{"name":"wp","href":"https:\/\/api.w.org\/{rel}","templated":true}]}}