{"id":44,"date":"2024-10-17T09:53:05","date_gmt":"2024-10-17T09:53:05","guid":{"rendered":"https:\/\/dentasana-zukunft.com\/?page_id=44"},"modified":"2024-11-21T07:55:11","modified_gmt":"2024-11-21T07:55:11","slug":"beratung-coaching","status":"publish","type":"page","link":"https:\/\/dentasana-zukunft.com\/index.php\/beratung-coaching\/","title":{"rendered":"Beratung\/Coaching"},"content":{"rendered":"<section class=\"l-section wpb_row height_medium\"><div class=\"l-section-h i-cf\"><div class=\"g-cols vc_row via_grid cols_1 laptops-cols_inherit tablets-cols_inherit mobiles-cols_1 valign_top type_default stacking_default\"><div class=\"wpb_column vc_column_container\"><div class=\"vc_column-inner\"><h4 class=\"w-text\"><span class=\"w-text-h\"><span class=\"w-text-value\">Wie l\u00e4uft die Beratung bei Ihnen ab?<\/span><\/span><\/h4><div class=\"wpb_text_column\"><div class=\"wpb_wrapper\"><p>Sie informieren mich per Mail (<a href=\"mailto:info@dentasana-zukunft.com\">info@dentasana-zukunft.com<\/a>) \u00fcber Ihr Anliegen, damit ich mir \u00fcber den\u00a0 Umfang der Beratung ein Bild machen kann. F\u00fcgen Sie bitte dieser Mail R\u00f6ntgenbilder an, die Ihr Zahnarzt angefertigt hat. <\/p>\n<p>Diese R\u00f6ntgenbilder sollten nicht \u00e4lter als 1 Jahr sein. Achten Sie darauf, dass Ihr Zahnarzt Einzelbilder (also von jedem Zahn, um den es geht, <strong>1 Einzelbild<\/strong>) anfertigt. Wenn Sie zuf\u00e4llig noch eine Panorama-Aufnahme besitzen, k\u00f6nnen Sie diese ebenfalls anf\u00fcgen. Mit dieser erhalte ich einen gewissen Gesamt\u00fcberblick.<\/p>\n<p>Nach Auswertung der R\u00f6ntgenbilder erhalten Sie von mir eine E-Mail-Nachricht. Diese beinhaltet<\/p>\n<p>\u00a0\u00a0 * entweder einen L\u00f6sungsvorschlag (wenn es sich um einen einfachen L\u00f6sungsansatz handelt)<br \/>\u00a0\u00a0 * oder Erl\u00e4uterungen zum weiteren Vorgehen bzw. Hinweise bez\u00fcglich einer zus\u00e4tzlichen Abkl\u00e4rung<\/p>\n<p><strong>Informationen \u00fcber eine zus\u00e4tzliche Abkl\u00e4rung:<\/strong><\/p>\n<p>In den meisten F\u00e4llen ist eine Zahn-St\u00f6rfeld-Diagnostik erforderlich (Zeitaufwand 60 \u2013 90 Min.). Diese gibt R\u00fcckschl\u00fcsse, wie stark der Gesamtorganismus durch das Zahn-und Kiefer-Problem belastet ist und welche K\u00f6rperstrukturen und Organbereiche entlastet werden m\u00fcssten.<\/p>\n<p>F\u00fcr diese Diagnostik sind 4 komplement\u00e4rmedizinische Praxen zust\u00e4ndig, die mir dann wichtige Ergebnisse und Details zukommen lassen. Die Auswertung der Ergebnisse erm\u00f6glicht mir f\u00fcr Ihre Beratung einen exakten L\u00f6sungsansatz und eine entsprechende Therapieanweisung. Es ist insofern erforderlich, dass Sie eine der Praxen besuchen, um diese Diagnostik durchf\u00fchren zu lassen. <strong>Der Kostenaufwand hierf\u00fcr liegt bei ca. 200.- bis 250.- Euro\/Franken.<\/strong><\/p>\n<\/div><\/div><div class=\"w-separator size_medium\"><\/div><h4 class=\"w-text\"><span class=\"w-text-h\"><span class=\"w-text-value\">Zusammenarbeit mit 4 komplement\u00e4rmedizinischen Praxen, die eine jahrzehntelange Kompetenz besitzen:<\/span><\/span><\/h4><div class=\"w-tabs layout_ver navwidth_auto navpos_left style_default switch_click has_scrolling\" style=\"--sections-title-size:1em\"><div class=\"w-tabs-list items_4 align_none\"><div class=\"w-tabs-list-h\"><button class=\"w-tabs-item active\" aria-controls=\"content-x056\" aria-expanded=\"false\"><span class=\"w-tabs-item-title\">Naturheilpraxis Mutter<\/span><\/button><button class=\"w-tabs-item\" aria-controls=\"content-z1f3\" aria-expanded=\"false\"><span class=\"w-tabs-item-title\">Praxis Viovital<\/span><\/button><button class=\"w-tabs-item\" aria-controls=\"content-g390\" aria-expanded=\"false\"><span class=\"w-tabs-item-title\">Naturheilpraxis Fischer<\/span><\/button><button class=\"w-tabs-item\" aria-controls=\"content-m4d7\" aria-expanded=\"false\"><span class=\"w-tabs-item-title\">Naturheilpraxis L\u00fc\u00f6nd<\/span><\/button><\/div><\/div><div class=\"w-tabs-sections titles-align_none icon_chevron cpos_right\"><div class=\"w-tabs-section active\" id=\"x056\"><button class=\"w-tabs-section-header active\" aria-controls=\"content-x056\" aria-expanded=\"true\"><div class=\"w-tabs-section-title\">Naturheilpraxis Mutter<\/div><div class=\"w-tabs-section-control\"><\/div><\/button><div  class=\"w-tabs-section-content\" id=\"content-x056\"><div class=\"w-tabs-section-content-h i-cf\"><div class=\"wpb_text_column\"><div class=\"wpb_wrapper\"><p>(Master of Chiropraktic, Vitalfeldtherapie, Ern\u00e4hrungsberatung)<br \/>Tel. +49 <span aria-label=\"07754 8214218 anrufen\">7754 8214218<\/span><br \/><span>Im Moos 2, 79733 G\u00f6rwihl<br \/><\/span><strong>in G\u00f6rwihl, Deutschland<\/strong><\/p>\n<\/div><\/div><\/div><\/div><\/div><div class=\"w-tabs-section\" id=\"z1f3\"><button class=\"w-tabs-section-header\" aria-controls=\"content-z1f3\" aria-expanded=\"false\"><div class=\"w-tabs-section-title\">Praxis Viovital<\/div><div class=\"w-tabs-section-control\"><\/div><\/button><div  class=\"w-tabs-section-content\" id=\"content-z1f3\"><div class=\"w-tabs-section-content-h i-cf\"><div class=\"wpb_text_column\"><div class=\"wpb_wrapper\"><p>(Master BGM-Gesundheitsmanagement, Vitalfeldtherapie)<br \/>Tel. <span aria-label=\"+41 78 232 30 01 anrufen\">+41 78 232 30 01<\/span><br \/><span>Bankstrasse 29, Seiteneingang, 8610 Uster<br \/><\/span><strong>in Uster, Schweiz<\/strong><\/p>\n<\/div><\/div><\/div><\/div><\/div><div class=\"w-tabs-section\" id=\"g390\"><button class=\"w-tabs-section-header\" aria-controls=\"content-g390\" aria-expanded=\"false\"><div class=\"w-tabs-section-title\">Naturheilpraxis Fischer<\/div><div class=\"w-tabs-section-control\"><\/div><\/button><div  class=\"w-tabs-section-content\" id=\"content-g390\"><div class=\"w-tabs-section-content-h i-cf\"><div class=\"wpb_text_column\"><div class=\"wpb_wrapper\"><p>(Vitalfeld-Analyse, Vitalfeldtherapie)<br \/><span class=\"w8qArf\"><span>Tel. <span aria-label=\"07531 3699720 anrufen\">+49 7531 3699720<\/span><br \/><\/span><\/span>Reichenaustra\u00dfe 6, 78467 Konstanz<br \/><strong>in Konstanz, Deutschland<\/strong><\/p>\n<\/div><\/div><\/div><\/div><\/div><div class=\"w-tabs-section\" id=\"m4d7\"><button class=\"w-tabs-section-header\" aria-controls=\"content-m4d7\" aria-expanded=\"false\"><div class=\"w-tabs-section-title\">Naturheilpraxis L\u00fc\u00f6nd<\/div><div class=\"w-tabs-section-control\"><\/div><\/button><div  class=\"w-tabs-section-content\" id=\"content-m4d7\"><div class=\"w-tabs-section-content-h i-cf\"><div class=\"wpb_text_column\"><div class=\"wpb_wrapper\"><p>(Vitalfeld-Analyse, Vitalfeldanalyse)<br \/>Tel. <span aria-label=\"+41 41 810 41 67 anrufen\">+41 41 810 41 67<\/span><br \/><span>Harmettlenstrasse, 6410 Goldau<br \/><\/span><strong>in Goldau, Schweiz<\/strong><\/p>\n<\/div><\/div><\/div><\/div><\/div><\/div><\/div><div class=\"w-separator size_medium\"><\/div><div class=\"wpb_text_column\"><div class=\"wpb_wrapper\"><p>Diese Praxen werden zuk\u00fcnftig eine wesentliche Rolle bei der Unterst\u00fctzung Ihrer Gesundheit einnehmen.<\/p>\n<p><strong>F\u00fcr den Termin in der Naturheilpraxis Mutter ist eine Erg\u00e4nzung des Beratung-Umfangs m\u00f6glich: <\/strong>Die Terminvereinbarung bei Herrn Mutter (Praxis in G\u00f6rwihl-D) wird an einem Donnerstag erfolgen. Die Praxis erreichen Sie nur mit dem PKW (20 Minuten von Waldshut entfernt). Bei schwierigen zahnmedizinischen Entscheidungen werde ich anwesend sein und die zahnmedizinischen\/medizinischen Belange gemeinsam mit Ihnen er\u00f6rtern. Die Beratungsgeb\u00fchr in H\u00f6he von 150.- Euro\/Franken kann vor Ort beglichen werden.<\/p>\n<\/div><\/div><div class=\"w-separator size_small\"><\/div><div class=\"w-message color_green with_icon\"><div class=\"w-message-icon\"><i class=\"fas fa-info\"><\/i><\/div><div class=\"w-message-body\"><p>F\u00fcr die Einrichtung des Beratungsdiensts sind Unterhalt-Kosten erforderlich. Deshalb kann ich Ihre Beratung <b>nicht kostenfrei<\/b> gestalten und lasse Ihnen deshalb per Mail meine Honorarnote zukommen. <br \/>Bitte \u00fcberweisen Sie in diesem Fall auf das angegebene Konto.<\/p>\n<\/div><\/div><\/div><\/div><\/div><\/div><\/section>\n","protected":false},"excerpt":{"rendered":"Wie l\u00e4uft die Beratung bei Ihnen ab?Sie informieren mich per Mail (info@dentasana-zukunft.com) \u00fcber Ihr Anliegen, damit ich mir \u00fcber den\u00a0 Umfang der Beratung ein Bild machen kann. F\u00fcgen Sie bitte dieser Mail R\u00f6ntgenbilder an, die Ihr Zahnarzt angefertigt hat. Diese R\u00f6ntgenbilder sollten nicht \u00e4lter als 1 Jahr sein. Achten Sie darauf, dass Ihr Zahnarzt Einzelbilder...","protected":false},"author":1,"featured_media":0,"parent":0,"menu_order":0,"comment_status":"closed","ping_status":"closed","template":"","meta":{"_acf_changed":false,"footnotes":""},"class_list":["post-44","page","type-page","status-publish","hentry"],"acf":[],"_links":{"self":[{"href":"https:\/\/dentasana-zukunft.com\/index.php\/wp-json\/wp\/v2\/pages\/44","targetHints":{"allow":["GET"]}}],"collection":[{"href":"https:\/\/dentasana-zukunft.com\/index.php\/wp-json\/wp\/v2\/pages"}],"about":[{"href":"https:\/\/dentasana-zukunft.com\/index.php\/wp-json\/wp\/v2\/types\/page"}],"author":[{"embeddable":true,"href":"https:\/\/dentasana-zukunft.com\/index.php\/wp-json\/wp\/v2\/users\/1"}],"replies":[{"embeddable":true,"href":"https:\/\/dentasana-zukunft.com\/index.php\/wp-json\/wp\/v2\/comments?post=44"}],"version-history":[{"count":21,"href":"https:\/\/dentasana-zukunft.com\/index.php\/wp-json\/wp\/v2\/pages\/44\/revisions"}],"predecessor-version":[{"id":107,"href":"https:\/\/dentasana-zukunft.com\/index.php\/wp-json\/wp\/v2\/pages\/44\/revisions\/107"}],"wp:attachment":[{"href":"https:\/\/dentasana-zukunft.com\/index.php\/wp-json\/wp\/v2\/media?parent=44"}],"curies":[{"name":"wp","href":"https:\/\/api.w.org\/{rel}","templated":true}]}}