{"id":93,"date":"2024-11-20T14:22:34","date_gmt":"2024-11-20T14:22:34","guid":{"rendered":"https:\/\/dentasana-zukunft.com\/?page_id=93"},"modified":"2024-11-20T14:37:16","modified_gmt":"2024-11-20T14:37:16","slug":"formulare","status":"publish","type":"page","link":"https:\/\/dentasana-zukunft.com\/index.php\/formulare\/","title":{"rendered":"Formulare"},"content":{"rendered":"<section class=\"l-section wpb_row height_medium\"><div class=\"l-section-h i-cf\"><div class=\"g-cols vc_row via_grid cols_1 laptops-cols_inherit tablets-cols_inherit mobiles-cols_1 valign_top type_default stacking_default\"><div class=\"wpb_column vc_column_container\"><div class=\"vc_column-inner\"><h2 class=\"w-text\"><span class=\"w-text-h\"><span class=\"w-text-value\">Formulare \/ Downloads<\/span><\/span><\/h2><\/div><\/div><\/div><\/div><\/section><section class=\"l-section wpb_row height_medium\"><div class=\"l-section-h i-cf\"><div class=\"g-cols vc_row via_grid cols_1 laptops-cols_inherit tablets-cols_inherit mobiles-cols_1 valign_top type_default stacking_default\"><div class=\"wpb_column vc_column_container\"><div class=\"vc_column-inner\"><div class=\"w-separator size_medium\"><\/div><div class=\"g-cols wpb_row via_grid cols_3 laptops-cols_inherit tablets-cols_2 mobiles-cols_1 valign_top type_default\" style=\"--gap:1.5rem;\"><div class=\"wpb_column vc_column_container\"><div class=\"vc_column-inner\"><div class=\"w-flipbox animation_cubetilt direction_s\"><div class=\"w-flipbox-h easing_ease\" style=\"transition-duration:0.5s;\"><div class=\"w-flipbox-hh\"><div class=\"w-flipbox-front us_custom_4dd8f95a\" style=\"background:var(--color-content-text);color:var(--color-content-bg);\"><div class=\"w-flipbox-front-h\"><div class=\"w-flipbox-front-icon style_default\" style=\"font-size:60px;\"><i class=\"fas fa-tooth\"><\/i><\/div><h3 class=\"w-flipbox-front-title\">GD-Diagnostik Formular<\/h3><\/div><\/div><div class=\"w-flipbox-back us_custom_4dd8f95a\" style=\"display:none;\"><div class=\"w-flipbox-back-h\"><h3 class=\"w-flipbox-back-title\">GD-Diagnostik Formular<\/h3><div class=\"w-flipbox-back-desc\"><p>Zum Ausf\u00fcllen<\/p>\n<\/div><\/div><\/div><\/div><\/div><a target=\"_blank\" href=\"https:\/\/dentasana-zukunft.com\/wp-content\/uploads\/2024\/11\/GD-Diagnostik_Formular_.pdf\"><\/a><\/div><\/div><\/div><div class=\"wpb_column vc_column_container\"><div class=\"vc_column-inner\"><div class=\"w-flipbox animation_cubetilt direction_s\"><div class=\"w-flipbox-h easing_ease\" style=\"transition-duration:0.5s;\"><div class=\"w-flipbox-hh\"><div class=\"w-flipbox-front us_custom_4dd8f95a\" style=\"background:var(--color-content-text);color:var(--color-content-bg);\"><div class=\"w-flipbox-front-h\"><div class=\"w-flipbox-front-icon style_default\" style=\"font-size:60px;\"><i class=\"fas fa-info-circle\"><\/i><\/div><h3 class=\"w-flipbox-front-title\">R\u00fccklauf Formular<\/h3><\/div><\/div><div class=\"w-flipbox-back us_custom_4dd8f95a\" style=\"display:none;\"><div class=\"w-flipbox-back-h\"><h3 class=\"w-flipbox-back-title\">R\u00fccklauf Formular<\/h3><div class=\"w-flipbox-back-desc\"><p>Zum Drucken und Ausf\u00fcllen<\/p>\n<\/div><\/div><\/div><\/div><\/div><a target=\"_blank\" href=\"https:\/\/dentasana-zukunft.com\/wp-content\/uploads\/2024\/11\/Ruecklauf.pdf\"><\/a><\/div><\/div><\/div><\/div><\/div><\/div><\/div><\/div><\/section>\n","protected":false},"excerpt":{"rendered":"Formulare \/ DownloadsGD-Diagnostik FormularGD-Diagnostik FormularZum Ausf\u00fcllen R\u00fccklauf FormularR\u00fccklauf FormularZum Drucken und Ausf\u00fcllen","protected":false},"author":1,"featured_media":0,"parent":0,"menu_order":0,"comment_status":"closed","ping_status":"closed","template":"","meta":{"_acf_changed":false,"footnotes":""},"class_list":["post-93","page","type-page","status-publish","hentry"],"acf":[],"_links":{"self":[{"href":"https:\/\/dentasana-zukunft.com\/index.php\/wp-json\/wp\/v2\/pages\/93","targetHints":{"allow":["GET"]}}],"collection":[{"href":"https:\/\/dentasana-zukunft.com\/index.php\/wp-json\/wp\/v2\/pages"}],"about":[{"href":"https:\/\/dentasana-zukunft.com\/index.php\/wp-json\/wp\/v2\/types\/page"}],"author":[{"embeddable":true,"href":"https:\/\/dentasana-zukunft.com\/index.php\/wp-json\/wp\/v2\/users\/1"}],"replies":[{"embeddable":true,"href":"https:\/\/dentasana-zukunft.com\/index.php\/wp-json\/wp\/v2\/comments?post=93"}],"version-history":[{"count":7,"href":"https:\/\/dentasana-zukunft.com\/index.php\/wp-json\/wp\/v2\/pages\/93\/revisions"}],"predecessor-version":[{"id":103,"href":"https:\/\/dentasana-zukunft.com\/index.php\/wp-json\/wp\/v2\/pages\/93\/revisions\/103"}],"wp:attachment":[{"href":"https:\/\/dentasana-zukunft.com\/index.php\/wp-json\/wp\/v2\/media?parent=93"}],"curies":[{"name":"wp","href":"https:\/\/api.w.org\/{rel}","templated":true}]}}